{"id":11,"date":"2026-05-02T17:17:04","date_gmt":"2026-05-02T15:17:04","guid":{"rendered":"http:\/\/ak-rmbosw.de\/?page_id=11"},"modified":"2026-05-02T17:17:04","modified_gmt":"2026-05-02T15:17:04","slug":"haftungsausschluss","status":"publish","type":"page","link":"https:\/\/ak-rmbosw.de\/?page_id=11","title":{"rendered":"Haftungsausschluss"},"content":{"rendered":"\n<!-- Legal document generated by Complianz | GDPR\/CCPA Cookie Consent https:\/\/wordpress.org\/plugins\/complianz-gdpr -->\n<div id=\"cmplz-document\" class=\"cmplz-document disclaimer\"><p>Ralf Burger ist dazu verpflichtet, diese Website aktuell und akkurat zu halten. Solltest du dennoch auf irgendetwas sto\u00dfen, dass veraltet oder inkorrekt ist, w\u00fcrden wir es sch\u00e4tzen, wenn du es uns wissen l\u00e4sst. Bitte weise darauf hin, wo du auf der Seite die Information gelesen hast. Wir werden uns dann so schnell wie m\u00f6glich darum k\u00fcmmern. Bitte sende deine R\u00fcckmeldung an: <a href=\"mailto:ral&#x66;&#046;burg&#x65;r&#064;vodafon&#x65;m&#097;&#105;l&#046;d&#101;\">ral&#x66;&#046;burg&#x65;r&#064;vodafon&#x65;m&#097;&#105;l&#046;d&#101;<\/a>.<\/p><p>Wir \u00fcbernehmen keine Haftung f\u00fcr aus Ungenauigkeit oder Unvollst\u00e4ndigkeit resultierenden Verluste, noch f\u00fcr entstehende Verluste oder Verbreitung von Informationen durch das Internet, wie St\u00f6rungen oder Unterbrechungen. Bei der Verwendung von Internetfomularen streben wir danach die Anzahl der ben\u00f6tigten Felder zu minimieren. F\u00fcr jegliche Verluste die aus der Verwendung von Ralf Burger empfohlener oder stammender Daten, Hinweisen oder Ideen \u00fcbernimmt Ralf Burger keine Haftung.<\/p><p>\u00dcber E-Mail oder mittels eines Internetfomular versendete Antworten und Datenschutzanfragen werden in gleicher Weise wie Briefe behandelt. Dies bedeutet, dass du sp\u00e4testens innerhalb eines Monats mit einer Antwort von uns rechnen kannst. Im Falle umfangreicher Anfragen werden wir dich innerhalb eines Monats wissen lassen ob wir ein Maximum von drei Monaten ben\u00f6tigen.<\/p><p>Jegliche pers\u00f6nliche Information welche du uns innerhalb des Kontexts deiner Antwort oder deinem Antrag zur Verf\u00fcgung stellst, wird ausschlie\u00dflich gem\u00e4\u00df unserer Datenschutzerkl\u00e4rung genutzt.<\/p><p>Ralf Burger wird jede angemessene Ma\u00dfnahme ergreifen um sein System gegen jede Form unrechtm\u00e4\u00dfiger Nutzung zu sch\u00fctzen. Ralf Burger wird geeignete Technologien und organisatorische Ma\u00dfnahmen zu diesem Zweck, unter Ber\u00fccksichtigung des aktuellen Standes der Technik, einf\u00fchren. Es ist jedoch nicht verantwortlich f\u00fcr direkte und\/oder indirekte Verluste jeglicher Art, welche bei einem Benutzer der Website auftreten, die der unrechtm\u00e4\u00dfigen Nutzung des Systems von Drittanbietern entspringt.<\/p><p>Ralf Burger \u00fcbernimmt keine Verantwortung f\u00fcr den Inhalt von Websites, zu denen oder von denen ein Hyperlink oder eine anderer Verweis f\u00fchrt. Produkte oder Serviceleistungen, die von Drittanbieten angeboten werden, werden nach entsprechenden Bedingungen und Konditionen jener Drittanbieter behandelt werden.<\/p><p>Unsere Angestellten unternehmen alle Anstrengungen um Zugriff auf unsere Website zu garantieren und st\u00e4ndig zu verbessern. Ebenso f\u00fcr Personen die aufgrund einer Behinderung spezielle Software verwenden.<\/p><p>Diese Website ist daher nach den Richtlinien der WCAG 2.1 Stufe AA aufgebaut. Diese Richtlinien sind international anerkannte Vereinbarungen \u00fcber Zug\u00e4nglichkeit (Barrierefreiheit), Nachhaltigkeit, Austauschbarkeit und Auffindbarkeit von Websites.<\/p><p>Jegliches intellektuelle Eigentumsrecht an Inhalten auf dieser Website ist im Besitz von Ralf Burger oder von Drittanbietern, welche diese Inhalte selbst platziert haben, oder von denen Ralf Burger \u00fcber eine Endnutzer-Lizenzvereinbarung verf\u00fcgt.<\/p><p>Der Inhalt dieser Website ist gem\u00e4\u00df einer Creative Commons Attribution Non-Commercial Licence verf\u00fcgbar, sofern nicht anders spezifiziert.<\/p><p>Wenn du Fragen oder Probleme mit der Verf\u00fcgbarkeit der Website hast, z\u00f6gere nicht uns zu kontaktieren.<\/p><\/div>","protected":false},"excerpt":{"rendered":"","protected":false},"author":1,"featured_media":0,"parent":0,"menu_order":0,"comment_status":"closed","ping_status":"closed","template":"","meta":{"site-sidebar-layout":"default","site-content-layout":"","ast-site-content-layout":"default","site-content-style":"default","site-sidebar-style":"default","ast-global-header-display":"","ast-banner-title-visibility":"","ast-main-header-display":"","ast-hfb-above-header-display":"","ast-hfb-below-header-display":"","ast-hfb-mobile-header-display":"","site-post-title":"","ast-breadcrumbs-content":"","ast-featured-img":"","footer-sml-layout":"","ast-disable-related-posts":"","theme-transparent-header-meta":"","adv-header-id-meta":"","stick-header-meta":"","header-above-stick-meta":"","header-main-stick-meta":"","header-below-stick-meta":"","astra-migrate-meta-layouts":"default","ast-page-background-enabled":"default","ast-page-background-meta":{"desktop":{"background-color":"var(--ast-global-color-5)","background-image":"","background-repeat":"repeat","background-position":"center center","background-size":"auto","background-attachment":"scroll","background-type":"","background-media":"","overlay-type":"","overlay-color":"","overlay-opacity":"","overlay-gradient":""},"tablet":{"background-color":"","background-image":"","background-repeat":"repeat","background-position":"center center","background-size":"auto","background-attachment":"scroll","background-type":"","background-media":"","overlay-type":"","overlay-color":"","overlay-opacity":"","overlay-gradient":""},"mobile":{"background-color":"","background-image":"","background-repeat":"repeat","background-position":"center center","background-size":"auto","background-attachment":"scroll","background-type":"","background-media":"","overlay-type":"","overlay-color":"","overlay-opacity":"","overlay-gradient":""}},"ast-content-background-meta":{"desktop":{"background-color":"var(--ast-global-color-4)","background-image":"","background-repeat":"repeat","background-position":"center center","background-size":"auto","background-attachment":"scroll","background-type":"","background-media":"","overlay-type":"","overlay-color":"","overlay-opacity":"","overlay-gradient":""},"tablet":{"background-color":"var(--ast-global-color-4)","background-image":"","background-repeat":"repeat","background-position":"center center","background-size":"auto","background-attachment":"scroll","background-type":"","background-media":"","overlay-type":"","overlay-color":"","overlay-opacity":"","overlay-gradient":""},"mobile":{"background-color":"var(--ast-global-color-4)","background-image":"","background-repeat":"repeat","background-position":"center center","background-size":"auto","background-attachment":"scroll","background-type":"","background-media":"","overlay-type":"","overlay-color":"","overlay-opacity":"","overlay-gradient":""}},"footnotes":""},"class_list":["post-11","page","type-page","status-publish","hentry"],"_links":{"self":[{"href":"https:\/\/ak-rmbosw.de\/index.php?rest_route=\/wp\/v2\/pages\/11","targetHints":{"allow":["GET"]}}],"collection":[{"href":"https:\/\/ak-rmbosw.de\/index.php?rest_route=\/wp\/v2\/pages"}],"about":[{"href":"https:\/\/ak-rmbosw.de\/index.php?rest_route=\/wp\/v2\/types\/page"}],"author":[{"embeddable":true,"href":"https:\/\/ak-rmbosw.de\/index.php?rest_route=\/wp\/v2\/users\/1"}],"replies":[{"embeddable":true,"href":"https:\/\/ak-rmbosw.de\/index.php?rest_route=%2Fwp%2Fv2%2Fcomments&post=11"}],"version-history":[{"count":0,"href":"https:\/\/ak-rmbosw.de\/index.php?rest_route=\/wp\/v2\/pages\/11\/revisions"}],"wp:attachment":[{"href":"https:\/\/ak-rmbosw.de\/index.php?rest_route=%2Fwp%2Fv2%2Fmedia&parent=11"}],"curies":[{"name":"wp","href":"https:\/\/api.w.org\/{rel}","templated":true}]}}